{"id":1001,"date":"2025-06-26T16:18:01","date_gmt":"2025-06-26T14:18:01","guid":{"rendered":"https:\/\/maisondedance.com\/reservation\/"},"modified":"2025-07-02T13:24:53","modified_gmt":"2025-07-02T11:24:53","slug":"reservation","status":"publish","type":"page","link":"https:\/\/maisondedance.com\/fr\/reservation\/","title":{"rendered":"r\u00e9servation"},"content":{"rendered":"\t\t<div data-elementor-type=\"wp-page\" data-elementor-id=\"1001\" class=\"elementor elementor-1001 elementor-440\">\n\t\t\t\t<div class=\"elementor-element elementor-element-010ed52 e-flex e-con-boxed e-con e-parent\" data-id=\"010ed52\" data-element_type=\"container\" data-settings=\"{&quot;jet_parallax_layout_list&quot;:[]}\">\n\t\t\t\t\t<div class=\"e-con-inner\">\n\t\t<div class=\"elementor-element elementor-element-864fd92 e-con-full e-flex e-con e-child\" data-id=\"864fd92\" data-element_type=\"container\" data-settings=\"{&quot;background_background&quot;:&quot;classic&quot;,&quot;jet_parallax_layout_list&quot;:[]}\">\n\t\t\t\t<div class=\"elementor-element elementor-element-1e4d848 elementor-widget elementor-widget-jet-engine-booking-form\" data-id=\"1e4d848\" data-element_type=\"widget\" data-widget_type=\"jet-engine-booking-form.default\">\n\t\t\t\t<div class=\"elementor-widget-container\">\n\t\t\t\t\t<form  class=\"jet-form layout-column submit-type-reload\" action=\"\/fr\/wp-json\/wp\/v2\/pages\/1001?jet_engine_action=book&#038;nocache=1776770170\" method=\"POST\" data-form-id=\"1024\"><input class=\"jet-form__field hidden-field\" type=\"hidden\" name=\"_jet_engine_booking_form_id\" value=\"1024\" data-field-name=\"_jet_engine_booking_form_id\"><input class=\"jet-form__field hidden-field\" type=\"hidden\" name=\"_jet_engine_refer\" value=\"https:\/\/maisondedance.com\/fr\/wp-json\/wp\/v2\/pages\/1001\/\" data-field-name=\"_jet_engine_refer\"><div  class=\"jet-form-row jet-form-row--hidden\"><div class=\"jet-form-col jet-form-col-12  field-type-hidden  jet-form-field-container\" data-field=\"page_id\" data-conditional=\"false\"><input class=\"jet-form__field hidden-field\" type=\"hidden\" name=\"page_id\" value=\"1001\" data-field-name=\"page_id\"><\/div><\/div><div  class=\"jet-form-row jet-form-row--first-visible\"><div class=\"jet-form-col jet-form-col-12  field-type-select  jet-form-field-container\" data-field=\"service_id\" data-conditional=\"false\"><div class=\"jet-form__label\">\n\t<span class=\"jet-form__label-text\" >S\u00e9lectionnez une activit\u00e9<span class=\"jet-form__required\">*<\/span><\/span>\n\t<\/div><select  required=\"required\" name=\"service_id\" data-field-name=\"service_id\" id=\"service_id\" data-default-val=\"\" class=\"jet-form__field select-field\"><option value=\"1019\" >Premi\u00e8re le\u00e7on en ligne - 15\u20ac avec TVA<\/option><option value=\"1077\" >\u00c9valuation des comp\u00e9tences de l'enfant (en ligne) - 30\u20ac avec TVA<\/option><option value=\"1080\" >Cours de ballet au sol (en ligne) - 42\u20ac avec TVA<\/option><option value=\"1084\" >Cours de danse classique \u00e0 la barre (en ligne) - 42\u20ac avec TVA<\/option><option value=\"1087\" >Cours d'\u00e9tirements (en ligne) - 42\u20ac avec TVA<\/option><option value=\"1096\" >3 cours (en ligne) - 114\u20ac avec TVA<\/option><option value=\"1099\" >5 cours (en ligne) - 156\u20ac avec TVA<\/option><option value=\"1102\" >Pr\u00e9paration \u00e0 la repr\u00e9sentation (individuelle) \u2014 144\u20ac\u2060 avec TVA<\/option><option value=\"1108\" >Pr\u00e9paration aux comp\u00e9titions (individuelle) - 144\u20ac avec TVA<\/option><option value=\"1112\" >Cours classique (individuel) - 144\u20ac avec TVA<\/option><option value=\"1117\" >Pr\u00e9paration \u00e0 l'admission dans une \u00e9cole de ballet professionnelle \u00e0 partir de 8 ans (individuel) - 144\u20ac avec TVA<\/option><\/select><\/div><\/div><div  class=\"jet-form-row\"><div class=\"jet-form-col jet-form-col-12  field-type-appointment_provider  jet-form-field-container\" data-field=\"provider_id\" data-conditional=\"false\"><div class=\"jet-form__label\">\n\t<span class=\"jet-form__label-text\" >S\u00e9lectionnez un enseignant<span class=\"jet-form__required\">*<\/span><\/span>\n\t<\/div><select class=\"appointment-provider jet-form__field select-field\" name=\"provider_id\" required data-args=\"{&quot;service&quot;:{&quot;field&quot;:&quot;service_id&quot;},&quot;api&quot;:{&quot;date_slots&quot;:&quot;https:\\\/\\\/maisondedance.com\\\/fr\\\/wp-json\\\/jet-engine\\\/v2\\\/appointment-date-slots\\\/&quot;,&quot;refresh_dates&quot;:&quot;https:\\\/\\\/maisondedance.com\\\/fr\\\/wp-json\\\/jet-engine\\\/v2\\\/appointment-refresh-date\\\/&quot;,&quot;service_providers&quot;:&quot;https:\\\/\\\/maisondedance.com\\\/fr\\\/wp-json\\\/jet-engine\\\/v2\\\/appointment-service-providers\\\/&quot;,&quot;provider_services&quot;:&quot;https:\\\/\\\/maisondedance.com\\\/fr\\\/wp-json\\\/jet-engine\\\/v2\\\/appointment-provider-services\\\/&quot;,&quot;appointments_list&quot;:&quot;https:\\\/\\\/maisondedance.com\\\/fr\\\/wp-json\\\/jet-engine\\\/v2\\\/appointments-list\\\/&quot;,&quot;delete_appointment&quot;:&quot;https:\\\/\\\/maisondedance.com\\\/fr\\\/wp-json\\\/jet-engine\\\/v2\\\/delete-appointment\\\/&quot;,&quot;update_appointment&quot;:&quot;https:\\\/\\\/maisondedance.com\\\/fr\\\/wp-json\\\/jet-engine\\\/v2\\\/update-appointment\\\/&quot;,&quot;add_appointment&quot;:&quot;https:\\\/\\\/maisondedance.com\\\/fr\\\/wp-json\\\/jet-engine\\\/v2\\\/appointment-add-appointment\\\/&quot;,&quot;update_workflows&quot;:&quot;https:\\\/\\\/maisondedance.com\\\/fr\\\/wp-json\\\/jet-engine\\\/v2\\\/update-appointment-workflows\\\/&quot;,&quot;appointment_meta&quot;:&quot;https:\\\/\\\/maisondedance.com\\\/fr\\\/wp-json\\\/jet-engine\\\/v2\\\/appointment-meta\\\/&quot;,&quot;get_appointment&quot;:&quot;https:\\\/\\\/maisondedance.com\\\/fr\\\/wp-json\\\/jet-engine\\\/v2\\\/get-appointment\\\/&quot;},&quot;placeholder&quot;:&quot;Choisir...&quot;}\"><\/select><\/div><\/div><div  class=\"jet-form-row\"><div class=\"jet-form-col jet-form-col-12  field-type-appointment_date  jet-form-field-container\" data-field=\"appointment_date\" data-conditional=\"false\"><div class=\"jet-apb-calendar-wrapper\">\n\t<div class=\"appointment-calendar jet-apb-calendar\" data-args=\"{&quot;booking_type&quot;:&quot;slot&quot;,&quot;excludedDates&quot;:[],&quot;datesMode&quot;:&quot;override_full&quot;,&quot;worksDates&quot;:[],&quot;datesRange&quot;:{&quot;start&quot;:0,&quot;end&quot;:0},&quot;availableWeekDays&quot;:[&quot;monday&quot;,&quot;tuesday&quot;,&quot;wednesday&quot;,&quot;thursday&quot;,&quot;friday&quot;,&quot;saturday&quot;,&quot;sunday&quot;],&quot;service&quot;:{&quot;field&quot;:&quot;service_id&quot;},&quot;providerIsset&quot;:true,&quot;provider&quot;:{&quot;field&quot;:&quot;provider_id&quot;},&quot;inputName&quot;:&quot;appointment_date&quot;,&quot;isRequired&quot;:true,&quot;allowedServices&quot;:{&quot;field&quot;:&quot;provider_id&quot;}}\"><\/div>\n\n\t\t<div class=\"jet-apb-calendar-appointments-list-wrapper\" style=\"display: none\">\n\t\t<div class=\"jet-form__heading\">\n\t\t\t<span class=\"jet-form__label-text\">D\u00e9tails de la r\u00e9servation :<\/span>\n\t\t<\/div>\n\t\t<div class=\"jet-apb-calendar-appointments-list\"><\/div>\n\t<\/div>\n\t<div class=\"jet-apb-calendar-notification\" style=\"display: none\">\n\t\t<div class=\"jet-apb-calendar-notification-service\">Please, select the service first.<\/div>\n\t\t<div class=\"jet-apb-calendar-notification-provider\">Please, select the provider first.<\/div>\n\t\t<div class=\"jet-apb-calendar-notification-service-field\">Please set service field for current calendar<\/div>\n\t\t<div class=\"jet-apb-calendar-notification-max-slots\">Sorry. You have the max number of appointments.<\/div>\n\t<\/div>\n<\/div>\n<\/div><\/div><div  class=\"jet-form-row\"><div class=\"jet-form-col jet-form-col-12  field-type-heading  jet-form-field-container\" data-field=\"heading\" data-conditional=\"false\"><div class=\"jet-form__heading\">\n\t<span class=\"jet-form__label-text\" >* Heure de Paris<\/span>\n\t<\/div><\/div><\/div><div  class=\"jet-form-row\"><div class=\"jet-form-col jet-form-col-12  field-type-text  jet-form-field-container\" data-field=\"client_name\" data-conditional=\"false\"><div class=\"jet-form__label\">\n\t<span class=\"jet-form__label-text\" >Ton nom<span class=\"jet-form__required\">*<\/span><\/span>\n\t<\/div><input class=\"jet-form__field text-field \" value=\"\" required=\"required\" name=\"client_name\" id=\"client_name\" type=\"text\" data-field-name=\"client_name\"><\/div><\/div><div  class=\"jet-form-row\"><div class=\"jet-form-col jet-form-col-12  field-type-text  jet-form-field-container\" data-field=\"user_email\" data-conditional=\"false\"><div class=\"jet-form__label\">\n\t<span class=\"jet-form__label-text\" >Votre e-mail<span class=\"jet-form__required\">*<\/span><\/span>\n\t<\/div><input class=\"jet-form__field text-field \" value=\"\" required=\"required\" name=\"user_email\" id=\"user_email\" type=\"email\" data-field-name=\"user_email\"><\/div><\/div><div  class=\"jet-form-row\"><div class=\"jet-form-col jet-form-col-12  field-type-text  jet-form-field-container\" data-field=\"phone\" data-conditional=\"false\"><div class=\"jet-form__label\">\n\t<span class=\"jet-form__label-text\" >Votre t\u00e9l\u00e9phone<span class=\"jet-form__required\">*<\/span><\/span>\n\t<\/div><input class=\"jet-form__field text-field \" value=\"\" required=\"required\" name=\"phone\" id=\"phone\" type=\"text\" data-field-name=\"phone\"><\/div><\/div><div  class=\"jet-form-row jet-form-row--submit\"><div class=\"jet-form-col jet-form-col-12  field-type-submit  jet-form-field-container\" data-field=\"Submit\" data-conditional=\"false\"><div class=\"jet-form__submit-wrap\">\n\t\t<button class=\"jet-form__submit submit-type-reload\" type=\"submit\">Soumettre<\/button>\n<\/div><\/div><\/div><input class=\"jet-form__field hidden-field\" type=\"hidden\" name=\"_jet_engine_nonce\" value=\"c2f3d18cce\" data-field-name=\"_jet_engine_nonce\"><\/form>\t\t\t\t<\/div>\n\t\t\t\t<\/div>\n\t\t\t\t<\/div>\n\t\t\t\t\t<\/div>\n\t\t\t\t<\/div>\n\t\t\t\t<\/div>\n\t\t","protected":false},"excerpt":{"rendered":"<p>\u0412\u044b\u0431\u0435\u0440\u0438\u0442\u0435 \u0437\u0430\u043d\u044f\u0442\u0438\u0435* \u041f\u0435\u0440\u0432\u043e\u0435 \u0437\u0430\u043d\u044f\u0442\u0438\u0435 (\u0431\u0435\u0441\u043f\u043b\u0430\u0442\u043d\u043e)\u0411\u0430\u043b\u0435\u0442\u043d\u044b\u0439 \u0443\u0440\u043e\u043a \u043d\u0430 \u043f\u043e\u043b\u0443 (\u043e\u043d\u043b\u0430\u0439\u043d) &#8211; 35\u20ac\u0411\u0430\u043b\u0435\u0442\u043d\u044b\u0439 \u0443\u0440\u043e\u043a \u0443 \u0441\u0442\u0430\u043d\u043a\u0430 (\u043e\u043d\u043b\u0430\u0439\u043d) &#8211; 35\u20ac\u2060\u2060\u0423\u0440\u043e\u043a \u0440\u0430\u0441\u0442\u044f\u0436\u043a\u0438 (\u043e\u043d\u043b\u0430\u0439\u043d) &#8211; 35\u20ac3 \u0443\u0440\u043e\u043a\u0430 (\u043e\u043d\u043b\u0430\u0439\u043d) &#8211; 95\u20ac5 \u0443\u0440\u043e\u043a\u043e\u0432 (\u043e\u043d\u043b\u0430\u0439\u043d) \u2014 130\u20ac\u0412\u044b\u0431\u0440\u0430\u0442\u044c \u2060\u0412\u0430\u0440\u0438\u0430\u0446\u0438\u0438 \u043a\u043b\u0430\u0441\u0441\u0438\u0447\u0435\u0441\u043a\u0438\u0435 \u043f\u043e\u0434\u0433\u043e\u0442\u043e\u0432\u043a\u0430 \u043a \u0441\u043f\u0435\u043a\u0442\u0430\u043a\u043b\u044e (\u0438\u043d\u0434\u0438\u0432\u0438\u0434\u0443\u0430\u043b\u044c\u043d\u043e) \u2014 120\u20ac\u2060\u041f\u043e\u0434\u0433\u043e\u0442\u043e\u0432\u043a\u0430 \u043a \u043a\u043e\u043d\u043a\u0443\u0440\u0441\u0430\u043c (\u0438\u043d\u0434\u0438\u0432\u0438\u0434\u0443\u0430\u043b\u044c\u043d\u043e) &#8211; 120\u20ac\u0423\u0440\u043e\u043a \u043a\u043b\u0430\u0441\u0441\u0438\u043a\u0438 (\u0438\u043d\u0434\u0438\u0432\u0438\u0434\u0443\u0430\u043b\u044c\u043d\u043e) &#8211; 120\u20ac\u041f\u043e\u0434\u0433\u043e\u0442\u043e\u0432\u043a\u0430 \u043a \u043f\u043e\u0441\u0442\u0443\u043f\u043b\u0435\u043d\u0438\u044e \u0432 \u043f\u0440\u043e\u0444\u0435\u0441\u0441\u0438\u043e\u043d\u0430\u043b\u044c\u043d\u0443\u044e \u0431\u0430\u043b\u0435\u0442\u043d\u0443\u044e \u0448\u043a\u043e\u043b\u0443 \u0441 8 \u043b\u0435\u0442 [&hellip;]<\/p>\n","protected":false},"author":1,"featured_media":0,"parent":0,"menu_order":0,"comment_status":"closed","ping_status":"closed","template":"elementor_header_footer","meta":{"footnotes":""},"class_list":["post-1001","page","type-page","status-publish","hentry"],"_links":{"self":[{"href":"https:\/\/maisondedance.com\/fr\/wp-json\/wp\/v2\/pages\/1001","targetHints":{"allow":["GET"]}}],"collection":[{"href":"https:\/\/maisondedance.com\/fr\/wp-json\/wp\/v2\/pages"}],"about":[{"href":"https:\/\/maisondedance.com\/fr\/wp-json\/wp\/v2\/types\/page"}],"author":[{"embeddable":true,"href":"https:\/\/maisondedance.com\/fr\/wp-json\/wp\/v2\/users\/1"}],"replies":[{"embeddable":true,"href":"https:\/\/maisondedance.com\/fr\/wp-json\/wp\/v2\/comments?post=1001"}],"version-history":[{"count":1,"href":"https:\/\/maisondedance.com\/fr\/wp-json\/wp\/v2\/pages\/1001\/revisions"}],"predecessor-version":[{"id":1002,"href":"https:\/\/maisondedance.com\/fr\/wp-json\/wp\/v2\/pages\/1001\/revisions\/1002"}],"wp:attachment":[{"href":"https:\/\/maisondedance.com\/fr\/wp-json\/wp\/v2\/media?parent=1001"}],"curies":[{"name":"wp","href":"https:\/\/api.w.org\/{rel}","templated":true}]}}